{"id":9356,"date":"2021-03-04T17:10:56","date_gmt":"2021-03-04T16:10:56","guid":{"rendered":"https:\/\/www.tessituracalabrese.it\/shop\/?page_id=9356"},"modified":"2021-03-09T12:21:07","modified_gmt":"2021-03-09T11:21:07","slug":"chi-siamo","status":"publish","type":"page","link":"https:\/\/www.tessituracalabrese.it\/shop\/chi-siamo\/","title":{"rendered":"Chi siamo"},"content":{"rendered":"<section class=\"wpb-content-wrapper\"><p>[vc_row row_content_width=&#8221;grid&#8221; css=&#8221;.vc_custom_1615288865672{margin-top: 80px !important;margin-bottom: 80px !important;}&#8221;][vc_column css=&#8221;.vc_custom_1485517103916{padding-right: 0px !important;padding-left: 0px !important;}&#8221;][vc_column_text]<img decoding=\"async\" class=\"img-chisiamo\" src=\"\/shop\/wp-content\/uploads\/2021\/03\/chi-siamo-1.jpg\" \/> Un\u2019arte che \u00e8 nata nella notte dei tempi, la tessitura \u00e8 un dono degli dei e in particolare di Athena, che brillava nell\u2019arte del tessere. Un sapere ancestrale e mitologico, che assumeva un carattere quasi magico nell\u2019Odissea con la tela infinita di Penelope. Un sapere che custodiamo e valorizziamo giorno dopo giorno dal 1972 presso la Tessitura Calabrese, a Tiggiano, nel cuore del Salento.<\/p>\n<p>Tutto \u00e8 nato con Antonia, la prima fondatrice della tessitura, che con la sua abnegazione ha saputo alimentare e accrescere una tradizione tanto bella e tanto ricca.<\/p>\n<p>La Tessitura Calabrese si contraddistingue per l\u2019impiego di tecniche di lavorazione semi-artigianali, riflesso di un\u2019antica sapienza tradizionale nel settore tessile, e per l\u2019utilizzo di filati pregiati e texture e fantasie tipiche del Salento.<\/p>\n<p>Il nostro laboratorio nel sud della penisola salentina, accoglie tutte le fasi della filiera produttiva, a partire dal filato in matasse fino alla preparazione degli orditi, dalla tessitura al controllo qualit\u00e0 del tessuto finito.<\/p>\n<p>La valorizzazione delle antiche tecniche artigianali che si sono sviluppate nei secoli nel Salento implica anche un recupero dei codici artistici tipici di questa terra, che conferiscono autenticit\u00e0 e unicit\u00e0 ai nostri articoli.<\/p>\n<p>Passato, presente e futuro si fondono nelle nostre lavorazioni. Esse richiamano la tradizione, rispondono all\u2019esigenza di praticit\u00e0 dell\u2019uso quotidiano e integrano caratteristiche all\u2019avanguardia sia in tema di gusto sia nella fattura.<\/p>\n<p>Nel nostro laboratorio ci serviamo di innovativi telai jacquard elettronici, che ci consentono di modernizzare la produzione dei nostri articoli esclusivi, affiancando le pi\u00f9 ancestrali tecniche di lavorazione di filati e tessuti.<\/p>\n<p>Le nostre collezioni si arricchiscono di elementi sempre innovativi. Un ruolo fondamentale nella definizione dello stile dei manufatti della Tessitura Calabrese lo gioca il design, curato da Alessandro Bleve. Artefice dei decori pi\u00f9 freschi e contemporanei e della scelta dei colori pi\u00f9 alla moda, \u00e8 a lui che si deve anche l\u2019impiego di fibre innovative per la creazione delle collezioni per la tavola e per il living.<\/p>\n<p>Le nostre collezioni di articoli per la casa, per il bagno e gli accessori per grandi e piccini soddisfano i gusti pi\u00f9 classici e quelli pi\u00f9 contemporanei, regalando suggestioni tattili ed emozioni impareggiabili.<\/p>\n<p>Combiniamo elementi e materiali per realizzare pezzi originali e pregiati: tessuti grezzi, puro lino, cr\u00eape di cotone, seta, spigati, millerighe, rasatelli a jacquard, rifiniti da pizzi rustici, valencienne, frange semplici o sontuose tutte annodate a mano.<\/p>\n<p>La passione per la nostra arte e la maestria dei nostri artigiani sono premiate dalla fiducia di una clientela oramai affezionata ed estesa a livello internazionale.[\/vc_column_text][\/vc_column][\/vc_row]<\/p>\n<\/section>","protected":false},"excerpt":{"rendered":"<p>[vc_row row_content_width=&#8221;grid&#8221; css=&#8221;.vc_custom_1615288865672{margin-top: 80px !important;margin-bottom: 80px !important;}&#8221;][vc_column css=&#8221;.vc_custom_1485517103916{padding-right: 0px !important;padding-left: 0px !important;}&#8221;][vc_column_text] Un\u2019arte che \u00e8 nata nella notte dei tempi, la tessitura \u00e8 un dono degli dei e in particolare di Athena, che brillava nell\u2019arte del tessere. Un sapere ancestrale [&hellip;]<\/p>\n","protected":false},"author":1,"featured_media":0,"parent":0,"menu_order":0,"comment_status":"closed","ping_status":"closed","template":"","meta":{"footnotes":""},"class_list":["post-9356","page","type-page","status-publish","hentry"],"yoast_head":"<!-- This site is optimized with the Yoast SEO plugin v26.7 - https:\/\/yoast.com\/wordpress\/plugins\/seo\/ -->\n<title>Chi siamo - Tessitura Calabrese Shop<\/title>\n<meta name=\"robots\" content=\"index, follow, max-snippet:-1, max-image-preview:large, max-video-preview:-1\" \/>\n<link rel=\"canonical\" href=\"https:\/\/www.tessituracalabrese.it\/shop\/chi-siamo\/\" \/>\n<meta property=\"og:locale\" content=\"it_IT\" \/>\n<meta property=\"og:type\" content=\"article\" \/>\n<meta property=\"og:title\" content=\"Chi siamo - Tessitura Calabrese Shop\" \/>\n<meta property=\"og:description\" content=\"[vc_row row_content_width=&#8221;grid&#8221; css=&#8221;.vc_custom_1615288865672{margin-top: 80px !important;margin-bottom: 80px !important;}&#8221;][vc_column css=&#8221;.vc_custom_1485517103916{padding-right: 0px !important;padding-left: 0px !important;}&#8221;][vc_column_text] Un\u2019arte che \u00e8 nata nella notte dei tempi, la tessitura \u00e8 un dono degli dei e in particolare di Athena, che brillava nell\u2019arte del tessere. Un sapere ancestrale [&hellip;]\" \/>\n<meta property=\"og:url\" content=\"https:\/\/www.tessituracalabrese.it\/shop\/chi-siamo\/\" \/>\n<meta property=\"og:site_name\" content=\"Tessitura Calabrese Shop\" \/>\n<meta property=\"article:modified_time\" content=\"2021-03-09T11:21:07+00:00\" \/>\n<meta property=\"og:image\" content=\"https:\/\/www.tessituracalabrese.it\/shop\/wp-content\/uploads\/2021\/03\/chi-siamo-1.jpg\" \/>\n<meta name=\"twitter:card\" content=\"summary_large_image\" \/>\n<script type=\"application\/ld+json\" class=\"yoast-schema-graph\">{\"@context\":\"https:\/\/schema.org\",\"@graph\":[{\"@type\":\"WebPage\",\"@id\":\"https:\/\/www.tessituracalabrese.it\/shop\/chi-siamo\/\",\"url\":\"https:\/\/www.tessituracalabrese.it\/shop\/chi-siamo\/\",\"name\":\"Chi siamo - Tessitura Calabrese Shop\",\"isPartOf\":{\"@id\":\"https:\/\/www.tessituracalabrese.it\/shop\/#website\"},\"datePublished\":\"2021-03-04T16:10:56+00:00\",\"dateModified\":\"2021-03-09T11:21:07+00:00\",\"breadcrumb\":{\"@id\":\"https:\/\/www.tessituracalabrese.it\/shop\/chi-siamo\/#breadcrumb\"},\"inLanguage\":\"it-IT\",\"potentialAction\":[{\"@type\":\"ReadAction\",\"target\":[\"https:\/\/www.tessituracalabrese.it\/shop\/chi-siamo\/\"]}]},{\"@type\":\"BreadcrumbList\",\"@id\":\"https:\/\/www.tessituracalabrese.it\/shop\/chi-siamo\/#breadcrumb\",\"itemListElement\":[{\"@type\":\"ListItem\",\"position\":1,\"name\":\"Home\",\"item\":\"https:\/\/www.tessituracalabrese.it\/shop\/\"},{\"@type\":\"ListItem\",\"position\":2,\"name\":\"Chi siamo\"}]},{\"@type\":\"WebSite\",\"@id\":\"https:\/\/www.tessituracalabrese.it\/shop\/#website\",\"url\":\"https:\/\/www.tessituracalabrese.it\/shop\/\",\"name\":\"Tessitura Calabrese Shop\",\"description\":\"Un nuovo sito targato WordPress\",\"potentialAction\":[{\"@type\":\"SearchAction\",\"target\":{\"@type\":\"EntryPoint\",\"urlTemplate\":\"https:\/\/www.tessituracalabrese.it\/shop\/?s={search_term_string}\"},\"query-input\":{\"@type\":\"PropertyValueSpecification\",\"valueRequired\":true,\"valueName\":\"search_term_string\"}}],\"inLanguage\":\"it-IT\"}]}<\/script>\n<!-- \/ Yoast SEO plugin. -->","yoast_head_json":{"title":"Chi siamo - Tessitura Calabrese Shop","robots":{"index":"index","follow":"follow","max-snippet":"max-snippet:-1","max-image-preview":"max-image-preview:large","max-video-preview":"max-video-preview:-1"},"canonical":"https:\/\/www.tessituracalabrese.it\/shop\/chi-siamo\/","og_locale":"it_IT","og_type":"article","og_title":"Chi siamo - Tessitura Calabrese Shop","og_description":"[vc_row row_content_width=&#8221;grid&#8221; css=&#8221;.vc_custom_1615288865672{margin-top: 80px !important;margin-bottom: 80px !important;}&#8221;][vc_column css=&#8221;.vc_custom_1485517103916{padding-right: 0px !important;padding-left: 0px !important;}&#8221;][vc_column_text] Un\u2019arte che \u00e8 nata nella notte dei tempi, la tessitura \u00e8 un dono degli dei e in particolare di Athena, che brillava nell\u2019arte del tessere. Un sapere ancestrale [&hellip;]","og_url":"https:\/\/www.tessituracalabrese.it\/shop\/chi-siamo\/","og_site_name":"Tessitura Calabrese Shop","article_modified_time":"2021-03-09T11:21:07+00:00","og_image":[{"url":"https:\/\/www.tessituracalabrese.it\/shop\/wp-content\/uploads\/2021\/03\/chi-siamo-1.jpg","type":"","width":"","height":""}],"twitter_card":"summary_large_image","schema":{"@context":"https:\/\/schema.org","@graph":[{"@type":"WebPage","@id":"https:\/\/www.tessituracalabrese.it\/shop\/chi-siamo\/","url":"https:\/\/www.tessituracalabrese.it\/shop\/chi-siamo\/","name":"Chi siamo - Tessitura Calabrese Shop","isPartOf":{"@id":"https:\/\/www.tessituracalabrese.it\/shop\/#website"},"datePublished":"2021-03-04T16:10:56+00:00","dateModified":"2021-03-09T11:21:07+00:00","breadcrumb":{"@id":"https:\/\/www.tessituracalabrese.it\/shop\/chi-siamo\/#breadcrumb"},"inLanguage":"it-IT","potentialAction":[{"@type":"ReadAction","target":["https:\/\/www.tessituracalabrese.it\/shop\/chi-siamo\/"]}]},{"@type":"BreadcrumbList","@id":"https:\/\/www.tessituracalabrese.it\/shop\/chi-siamo\/#breadcrumb","itemListElement":[{"@type":"ListItem","position":1,"name":"Home","item":"https:\/\/www.tessituracalabrese.it\/shop\/"},{"@type":"ListItem","position":2,"name":"Chi siamo"}]},{"@type":"WebSite","@id":"https:\/\/www.tessituracalabrese.it\/shop\/#website","url":"https:\/\/www.tessituracalabrese.it\/shop\/","name":"Tessitura Calabrese Shop","description":"Un nuovo sito targato WordPress","potentialAction":[{"@type":"SearchAction","target":{"@type":"EntryPoint","urlTemplate":"https:\/\/www.tessituracalabrese.it\/shop\/?s={search_term_string}"},"query-input":{"@type":"PropertyValueSpecification","valueRequired":true,"valueName":"search_term_string"}}],"inLanguage":"it-IT"}]}},"_links":{"self":[{"href":"https:\/\/www.tessituracalabrese.it\/shop\/wp-json\/wp\/v2\/pages\/9356","targetHints":{"allow":["GET"]}}],"collection":[{"href":"https:\/\/www.tessituracalabrese.it\/shop\/wp-json\/wp\/v2\/pages"}],"about":[{"href":"https:\/\/www.tessituracalabrese.it\/shop\/wp-json\/wp\/v2\/types\/page"}],"author":[{"embeddable":true,"href":"https:\/\/www.tessituracalabrese.it\/shop\/wp-json\/wp\/v2\/users\/1"}],"replies":[{"embeddable":true,"href":"https:\/\/www.tessituracalabrese.it\/shop\/wp-json\/wp\/v2\/comments?post=9356"}],"version-history":[{"count":9,"href":"https:\/\/www.tessituracalabrese.it\/shop\/wp-json\/wp\/v2\/pages\/9356\/revisions"}],"predecessor-version":[{"id":9377,"href":"https:\/\/www.tessituracalabrese.it\/shop\/wp-json\/wp\/v2\/pages\/9356\/revisions\/9377"}],"wp:attachment":[{"href":"https:\/\/www.tessituracalabrese.it\/shop\/wp-json\/wp\/v2\/media?parent=9356"}],"curies":[{"name":"wp","href":"https:\/\/api.w.org\/{rel}","templated":true}]}}